{"id":10544,"date":"2021-02-02T17:56:16","date_gmt":"2021-02-02T17:56:16","guid":{"rendered":"https:\/\/hearts-counseling.com\/home\/"},"modified":"2025-05-21T17:48:51","modified_gmt":"2025-05-21T17:48:51","slug":"home","status":"publish","type":"page","link":"https:\/\/hearts-counseling.com\/pt-br\/","title":{"rendered":"Home"},"content":{"rendered":"\t\t<div data-elementor-type=\"wp-page\" data-elementor-id=\"10544\" class=\"elementor elementor-10544\" data-elementor-post-type=\"page\">\n\t\t\t\t\t\t<section class=\"elementor-section elementor-top-section elementor-element elementor-element-70db93ad elementor-section-height-min-height elementor-section-content-middle elementor-section-boxed elementor-section-height-default elementor-section-items-middle\" data-id=\"70db93ad\" data-element_type=\"section\" data-settings=\"{&quot;background_background&quot;:&quot;video&quot;,&quot;background_video_link&quot;:&quot;https:\\\/\\\/hearts-counseling.com\\\/wp-content\\\/uploads\\\/2025\\\/04\\\/4524597-hd_1920_1080_25fps-_min.mp4&quot;,&quot;background_play_on_mobile&quot;:&quot;yes&quot;}\">\n\t\t\t\t\t\t\t\t<div class=\"elementor-background-video-container\" aria-hidden=\"true\">\n\t\t\t\t\t\t\t\t\t\t\t\t\t<video class=\"elementor-background-video-hosted\" autoplay muted playsinline loop><\/video>\n\t\t\t\t\t\t\t\t\t\t\t<\/div>\n\t\t\t\t\t\t\t\t\t<div class=\"elementor-background-overlay\"><\/div>\n\t\t\t\t\t\t\t<div class=\"elementor-container elementor-column-gap-narrow\">\n\t\t\t\t\t<div class=\"elementor-column elementor-col-100 elementor-top-column elementor-element elementor-element-266b5055\" data-id=\"266b5055\" data-element_type=\"column\">\n\t\t\t<div class=\"elementor-widget-wrap elementor-element-populated\">\n\t\t\t\t\t\t<div class=\"elementor-element elementor-element-37eee43f elementor-widget elementor-widget-heading\" data-id=\"37eee43f\" data-element_type=\"widget\" data-widget_type=\"heading.default\">\n\t\t\t\t<div class=\"elementor-widget-container\">\n\t\t\t\t\t<h2 class=\"elementor-heading-title elementor-size-default\">O mundo precisa de um presente especial: \u00e9 voc\u00ea.<\/h2>\t\t\t\t<\/div>\n\t\t\t\t<\/div>\n\t\t\t\t<div class=\"elementor-element elementor-element-0e6df72 elementor-widget elementor-widget-text-editor\" data-id=\"0e6df72\" data-element_type=\"widget\" data-widget_type=\"text-editor.default\">\n\t\t\t\t<div class=\"elementor-widget-container\">\n\t\t\t\t\t\t\t\t\t<p>Resolver os conflitos interiores com um conselheiro profissional pode mudar radicalmente a sua vida e a das pessoas que voc\u00ea ama, melhorar todos os seus relacionamentos e libert\u00e1-lo para viver plenamente.<\/p>\t\t\t\t\t\t\t\t<\/div>\n\t\t\t\t<\/div>\n\t\t\t\t<div class=\"elementor-element elementor-element-b005c23 elementor-widget elementor-widget-video\" data-id=\"b005c23\" data-element_type=\"widget\" data-settings=\"{&quot;youtube_url&quot;:&quot;https:\\\/\\\/youtu.be\\\/Y4jHx8fHYW4&quot;,&quot;video_type&quot;:&quot;youtube&quot;,&quot;controls&quot;:&quot;yes&quot;}\" data-widget_type=\"video.default\">\n\t\t\t\t<div class=\"elementor-widget-container\">\n\t\t\t\t\t\t\t<div class=\"elementor-wrapper elementor-open-inline\">\n\t\t\t<div class=\"elementor-video\"><\/div>\t\t<\/div>\n\t\t\t\t\t\t<\/div>\n\t\t\t\t<\/div>\n\t\t\t\t\t<\/div>\n\t\t<\/div>\n\t\t\t\t\t<\/div>\n\t\t<\/section>\n\t\t\t\t<section class=\"elementor-section elementor-top-section elementor-element elementor-element-25154840 elementor-section-content-middle elementor-section-boxed elementor-section-height-default elementor-section-height-default\" data-id=\"25154840\" data-element_type=\"section\" data-settings=\"{&quot;background_background&quot;:&quot;classic&quot;}\">\n\t\t\t\t\t\t<div class=\"elementor-container elementor-column-gap-no\">\n\t\t\t\t\t<div class=\"elementor-column elementor-col-50 elementor-top-column elementor-element elementor-element-37636da6\" data-id=\"37636da6\" data-element_type=\"column\">\n\t\t\t<div class=\"elementor-widget-wrap elementor-element-populated\">\n\t\t\t\t\t\t<div class=\"elementor-element elementor-element-6216bfa elementor-widget elementor-widget-heading\" data-id=\"6216bfa\" data-element_type=\"widget\" data-widget_type=\"heading.default\">\n\t\t\t\t<div class=\"elementor-widget-container\">\n\t\t\t\t\t<h3 class=\"elementor-heading-title elementor-size-default\">Quer falar conosco?<\/h3>\t\t\t\t<\/div>\n\t\t\t\t<\/div>\n\t\t\t\t<div class=\"elementor-element elementor-element-58541781 elementor-widget elementor-widget-text-editor\" data-id=\"58541781\" data-element_type=\"widget\" data-widget_type=\"text-editor.default\">\n\t\t\t\t<div class=\"elementor-widget-container\">\n\t\t\t\t\t\t\t\t\t<p><strong>Fale conosco diretamente no WhatsApp<\/strong><\/p>\t\t\t\t\t\t\t\t<\/div>\n\t\t\t\t<\/div>\n\t\t\t\t\t<\/div>\n\t\t<\/div>\n\t\t\t\t<div class=\"elementor-column elementor-col-50 elementor-top-column elementor-element elementor-element-5ed33a8c\" data-id=\"5ed33a8c\" data-element_type=\"column\">\n\t\t\t<div class=\"elementor-widget-wrap elementor-element-populated\">\n\t\t\t\t\t\t<div class=\"elementor-element elementor-element-1eb49ce4 elementor-align-center elementor-mobile-align-center elementor-widget elementor-widget-button\" data-id=\"1eb49ce4\" data-element_type=\"widget\" data-widget_type=\"button.default\">\n\t\t\t\t<div class=\"elementor-widget-container\">\n\t\t\t\t\t\t\t\t\t<div class=\"elementor-button-wrapper\">\n\t\t\t\t\t<a class=\"elementor-button elementor-button-link elementor-size-sm\" href=\"https:\/\/wa.me\/393881231816?text=Ciao%20vorrei%20saperne%20di%20pi\u00f9%20su%20hearts-counseling.com\" target=\"_blank\" rel=\"nofollow\">\n\t\t\t\t\t\t<span class=\"elementor-button-content-wrapper\">\n\t\t\t\t\t\t<span class=\"elementor-button-icon\">\n\t\t\t\t<i aria-hidden=\"true\" class=\"fab fa-whatsapp\"><\/i>\t\t\t<\/span>\n\t\t\t\t\t\t\t\t\t<span class=\"elementor-button-text\">Contate-nos<\/span>\n\t\t\t\t\t<\/span>\n\t\t\t\t\t<\/a>\n\t\t\t\t<\/div>\n\t\t\t\t\t\t\t\t<\/div>\n\t\t\t\t<\/div>\n\t\t\t\t\t<\/div>\n\t\t<\/div>\n\t\t\t\t\t<\/div>\n\t\t<\/section>\n\t\t\t\t<section class=\"elementor-section elementor-top-section elementor-element elementor-element-5ff356c0 elementor-section-boxed elementor-section-height-default elementor-section-height-default\" data-id=\"5ff356c0\" data-element_type=\"section\">\n\t\t\t\t\t\t<div class=\"elementor-container elementor-column-gap-no\">\n\t\t\t\t\t<div class=\"elementor-column elementor-col-100 elementor-top-column elementor-element elementor-element-1d8503f2\" data-id=\"1d8503f2\" data-element_type=\"column\">\n\t\t\t<div class=\"elementor-widget-wrap elementor-element-populated\">\n\t\t\t\t\t\t<div class=\"elementor-element elementor-element-41865fcc elementor-widget elementor-widget-heading\" data-id=\"41865fcc\" data-element_type=\"widget\" data-widget_type=\"heading.default\">\n\t\t\t\t<div class=\"elementor-widget-container\">\n\t\t\t\t\t<h4 class=\"elementor-heading-title elementor-size-default\">O que dizem sobre n\u00f3s<\/h4>\t\t\t\t<\/div>\n\t\t\t\t<\/div>\n\t\t\t\t<div class=\"elementor-element elementor-element-3a27498a elementor-testimonial--layout-image_above elementor-testimonial--skin-default elementor-testimonial--align-center elementor-arrows-yes elementor-pagination-type-bullets elementor-widget elementor-widget-testimonial-carousel\" data-id=\"3a27498a\" data-element_type=\"widget\" data-settings=\"{&quot;space_between&quot;:{&quot;unit&quot;:&quot;px&quot;,&quot;size&quot;:22,&quot;sizes&quot;:[]},&quot;show_arrows&quot;:&quot;yes&quot;,&quot;pagination&quot;:&quot;bullets&quot;,&quot;speed&quot;:500,&quot;autoplay&quot;:&quot;yes&quot;,&quot;autoplay_speed&quot;:5000,&quot;loop&quot;:&quot;yes&quot;,&quot;pause_on_hover&quot;:&quot;yes&quot;,&quot;pause_on_interaction&quot;:&quot;yes&quot;,&quot;space_between_tablet&quot;:{&quot;unit&quot;:&quot;px&quot;,&quot;size&quot;:10,&quot;sizes&quot;:[]},&quot;space_between_mobile&quot;:{&quot;unit&quot;:&quot;px&quot;,&quot;size&quot;:10,&quot;sizes&quot;:[]}}\" data-widget_type=\"testimonial-carousel.default\">\n\t\t\t\t<div class=\"elementor-widget-container\">\n\t\t\t\t\t\t\t\t\t<div class=\"elementor-swiper\">\n\t\t\t\t\t<div class=\"elementor-main-swiper swiper\" role=\"region\" aria-roledescription=\"carousel\" aria-label=\"Slides\">\n\t\t\t\t<div class=\"swiper-wrapper\">\n\t\t\t\t\t\t\t\t\t\t\t<div class=\"swiper-slide\" role=\"group\" aria-roledescription=\"slide\">\n\t\t\t\t\t\t\t\t\t<div class=\"elementor-testimonial\">\n\t\t\t\t\t\t\t<div class=\"elementor-testimonial__content\">\n\t\t\t\t\t<div class=\"elementor-testimonial__text\">\n\t\t\t\t\t\tGra\u00e7as aos 3 livros de cura da alma, pude sentir as muitas emo\u00e7\u00f5es dentro de mim: coragem, dor, raiva e o renascimento da esperan\u00e7a. Eles s\u00e3o sinceros e ternos, mas tamb\u00e9m um guia seguro para alcan\u00e7ar uma cura completa.\t\t\t\t\t<\/div>\n\t\t\t\t\t<cite class=\"elementor-testimonial__cite\"><span class=\"elementor-testimonial__name\">Barbara<\/span><span class=\"elementor-testimonial__title\">45 anos<\/span><\/cite>\t\t\t\t<\/div>\n\t\t\t\t\t\t<div class=\"elementor-testimonial__footer\">\n\t\t\t\t\t\t\t\t\t<div class=\"elementor-testimonial__image\">\n\t\t\t\t\t\t<img decoding=\"async\" src=\"https:\/\/hearts-counseling.com\/wp-content\/uploads\/2020\/12\/MAU_Foto_Barbara-Rotondo-1.jpg\" alt=\"Barbara\">\n\t\t\t\t\t\t\t\t\t\t\t<\/div>\n\t\t\t\t\t\t\t\t\t\t\t<\/div>\n\t\t<\/div>\n\t\t\t\t\t\t\t\t<\/div>\n\t\t\t\t\t\t\t\t\t\t\t<div class=\"swiper-slide\" role=\"group\" aria-roledescription=\"slide\">\n\t\t\t\t\t\t\t\t\t<div class=\"elementor-testimonial\">\n\t\t\t\t\t\t\t<div class=\"elementor-testimonial__content\">\n\t\t\t\t\t<div class=\"elementor-testimonial__text\">\n\t\t\t\t\t\tAntonella and Diana are professional, competent, and instill trust. They know where to lead you to help heal your heart, and today I\u2019m happy to have taken this personal journey with them and to no longer be afraid to look within myself. It\u2019s an experience to live...\t\t\t\t\t<\/div>\n\t\t\t\t\t<cite class=\"elementor-testimonial__cite\"><span class=\"elementor-testimonial__name\">Federica<\/span><span class=\"elementor-testimonial__title\">38 anos<\/span><\/cite>\t\t\t\t<\/div>\n\t\t\t\t\t\t<div class=\"elementor-testimonial__footer\">\n\t\t\t\t\t\t\t\t\t<div class=\"elementor-testimonial__image\">\n\t\t\t\t\t\t<img decoding=\"async\" src=\"https:\/\/hearts-counseling.com\/wp-content\/uploads\/2020\/12\/MAU_Foto-Federica.jpg\" alt=\"Federica\">\n\t\t\t\t\t\t\t\t\t\t\t<\/div>\n\t\t\t\t\t\t\t\t\t\t\t<\/div>\n\t\t<\/div>\n\t\t\t\t\t\t\t\t<\/div>\n\t\t\t\t\t\t\t\t\t\t\t<div class=\"swiper-slide\" role=\"group\" aria-roledescription=\"slide\">\n\t\t\t\t\t\t\t\t\t<div class=\"elementor-testimonial\">\n\t\t\t\t\t\t\t<div class=\"elementor-testimonial__content\">\n\t\t\t\t\t<div class=\"elementor-testimonial__text\">\n\t\t\t\t\t\tI searched many times for answers to my \u201cwhys\u201d and my \u201cbuts\u201d\u2026 I used to look at my limits with anger and sadness, and now I know where they come from. Thank you, because very few have been able to look at my heart without judgment, helping me fill a void I didn\u2019t know how to fill.\t\t\t\t\t<\/div>\n\t\t\t\t\t<cite class=\"elementor-testimonial__cite\"><span class=\"elementor-testimonial__name\">Maurizio<\/span><span class=\"elementor-testimonial__title\">43 anos<\/span><\/cite>\t\t\t\t<\/div>\n\t\t\t\t\t\t<div class=\"elementor-testimonial__footer\">\n\t\t\t\t\t\t\t\t\t<div class=\"elementor-testimonial__image\">\n\t\t\t\t\t\t<img decoding=\"async\" src=\"https:\/\/hearts-counseling.com\/wp-content\/uploads\/2020\/12\/maurizio.jpg\" alt=\"Maurizio\">\n\t\t\t\t\t\t\t\t\t\t\t<\/div>\n\t\t\t\t\t\t\t\t\t\t\t<\/div>\n\t\t<\/div>\n\t\t\t\t\t\t\t\t<\/div>\n\t\t\t\t\t\t\t\t\t\t\t<div class=\"swiper-slide\" role=\"group\" aria-roledescription=\"slide\">\n\t\t\t\t\t\t\t\t\t<div class=\"elementor-testimonial\">\n\t\t\t\t\t\t\t<div class=\"elementor-testimonial__content\">\n\t\t\t\t\t<div class=\"elementor-testimonial__text\">\n\t\t\t\t\t\tParticipei do semin\u00e1rio \u201cArrancando as ra\u00edzes amargas\u201d e isso me tocou profundamente. Existe um \u201cantes\u201d e um \u201cdepois\u201d daquele dia. Junto com o grupo, consegui arrancar algumas ra\u00edzes amargas e desfazer um n\u00f3 que carregava dentro de mim h\u00e1 anos.\t\t\t\t\t<\/div>\n\t\t\t\t\t<cite class=\"elementor-testimonial__cite\"><span class=\"elementor-testimonial__name\">Gabriella<\/span><span class=\"elementor-testimonial__title\">28 anos<\/span><\/cite>\t\t\t\t<\/div>\n\t\t\t\t\t\t<div class=\"elementor-testimonial__footer\">\n\t\t\t\t\t\t\t\t\t<div class=\"elementor-testimonial__image\">\n\t\t\t\t\t\t<img decoding=\"async\" src=\"https:\/\/hearts-counseling.com\/wp-content\/uploads\/2020\/12\/MAU_Foto-Amor-Gabi.jpg\" alt=\"Gabriella\">\n\t\t\t\t\t\t\t\t\t\t\t<\/div>\n\t\t\t\t\t\t\t\t\t\t\t<\/div>\n\t\t<\/div>\n\t\t\t\t\t\t\t\t<\/div>\n\t\t\t\t\t\t\t\t\t<\/div>\n\t\t\t\t\t\t\t\t\t\t\t\t\t\t\t<div class=\"elementor-swiper-button elementor-swiper-button-prev\" role=\"button\" tabindex=\"0\" aria-label=\"Anterior\">\n\t\t\t\t\t\t\t<i aria-hidden=\"true\" class=\"eicon-chevron-left\"><\/i>\t\t\t\t\t\t<\/div>\n\t\t\t\t\t\t<div class=\"elementor-swiper-button elementor-swiper-button-next\" role=\"button\" tabindex=\"0\" aria-label=\"Pr\u00f3ximo\">\n\t\t\t\t\t\t\t<i aria-hidden=\"true\" class=\"eicon-chevron-right\"><\/i>\t\t\t\t\t\t<\/div>\n\t\t\t\t\t\t\t\t\t\t\t\t\t\t\t\t<div class=\"swiper-pagination\"><\/div>\n\t\t\t\t\t\t\t\t\t\t\t\t<\/div>\n\t\t\t\t<\/div>\n\t\t\t\t\t\t\t\t<\/div>\n\t\t\t\t<\/div>\n\t\t\t\t\t<\/div>\n\t\t<\/div>\n\t\t\t\t\t<\/div>\n\t\t<\/section>\n\t\t\t\t<section class=\"elementor-section elementor-top-section elementor-element elementor-element-cff631a elementor-section-content-middle elementor-section-boxed elementor-section-height-default elementor-section-height-default\" data-id=\"cff631a\" data-element_type=\"section\" data-settings=\"{&quot;background_background&quot;:&quot;classic&quot;}\">\n\t\t\t\t\t\t<div class=\"elementor-container elementor-column-gap-no\">\n\t\t\t\t\t<div class=\"elementor-column elementor-col-50 elementor-top-column elementor-element elementor-element-5620dac\" data-id=\"5620dac\" data-element_type=\"column\">\n\t\t\t<div class=\"elementor-widget-wrap elementor-element-populated\">\n\t\t\t\t\t\t<div class=\"elementor-element elementor-element-cefa62a elementor-widget elementor-widget-heading\" data-id=\"cefa62a\" data-element_type=\"widget\" data-widget_type=\"heading.default\">\n\t\t\t\t<div class=\"elementor-widget-container\">\n\t\t\t\t\t<h3 class=\"elementor-heading-title elementor-size-default\">Quer saber mais?<\/h3>\t\t\t\t<\/div>\n\t\t\t\t<\/div>\n\t\t\t\t<div class=\"elementor-element elementor-element-99dddaa elementor-widget elementor-widget-text-editor\" data-id=\"99dddaa\" data-element_type=\"widget\" data-widget_type=\"text-editor.default\">\n\t\t\t\t<div class=\"elementor-widget-container\">\n\t\t\t\t\t\t\t\t\t<p><strong>Visite o nosso site e descubra os nossos cursos!<\/strong><\/p>\t\t\t\t\t\t\t\t<\/div>\n\t\t\t\t<\/div>\n\t\t\t\t\t<\/div>\n\t\t<\/div>\n\t\t\t\t<div class=\"elementor-column elementor-col-50 elementor-top-column elementor-element elementor-element-68fae99\" data-id=\"68fae99\" data-element_type=\"column\">\n\t\t\t<div class=\"elementor-widget-wrap elementor-element-populated\">\n\t\t\t\t\t\t<div class=\"elementor-element elementor-element-8b184f3 elementor-align-center elementor-mobile-align-center elementor-widget elementor-widget-button\" data-id=\"8b184f3\" data-element_type=\"widget\" data-widget_type=\"button.default\">\n\t\t\t\t<div class=\"elementor-widget-container\">\n\t\t\t\t\t\t\t\t\t<div class=\"elementor-button-wrapper\">\n\t\t\t\t\t<a class=\"elementor-button elementor-button-link elementor-size-sm\" href=\"https:\/\/hearts-counseling.com\/corsi-shop\/\">\n\t\t\t\t\t\t<span class=\"elementor-button-content-wrapper\">\n\t\t\t\t\t\t<span class=\"elementor-button-icon\">\n\t\t\t\t<i aria-hidden=\"true\" class=\"fas fa-chalkboard-teacher\"><\/i>\t\t\t<\/span>\n\t\t\t\t\t\t\t\t\t<span class=\"elementor-button-text\">DESCUBRA OS CURSOS<\/span>\n\t\t\t\t\t<\/span>\n\t\t\t\t\t<\/a>\n\t\t\t\t<\/div>\n\t\t\t\t\t\t\t\t<\/div>\n\t\t\t\t<\/div>\n\t\t\t\t\t<\/div>\n\t\t<\/div>\n\t\t\t\t\t<\/div>\n\t\t<\/section>\n\t\t\t\t<\/div>\n\t\t","protected":false},"excerpt":{"rendered":"<p>O mundo precisa de um presente especial: \u00e9 voc\u00ea. Resolver os conflitos interiores com um conselheiro profissional pode mudar radicalmente a sua vida e a das pessoas que voc\u00ea ama, melhorar todos os seus relacionamentos e libert\u00e1-lo para viver plenamente. https:\/\/youtu.be\/Y4jHx8fHYW4 Quer falar conosco? Fale conosco diretamente no WhatsApp Contate-nos O que dizem sobre n\u00f3s&#8230;<\/p>\n","protected":false},"author":1,"featured_media":9752,"parent":0,"menu_order":0,"comment_status":"closed","ping_status":"closed","template":"","meta":{"_kad_post_transparent":"","_kad_post_title":"","_kad_post_layout":"","_kad_post_sidebar_id":"","_kad_post_content_style":"","_kad_post_vertical_padding":"","_kad_post_feature":"","_kad_post_feature_position":"","_kad_post_header":false,"_kad_post_footer":false,"footnotes":""},"class_list":["post-10544","page","type-page","status-publish","has-post-thumbnail","hentry"],"yoast_head":"<!-- This site is optimized with the Yoast SEO plugin v25.1 - https:\/\/yoast.com\/wordpress\/plugins\/seo\/ -->\n<title>Home - Hearts Counseling<\/title>\n<meta name=\"robots\" content=\"index, follow, max-snippet:-1, max-image-preview:large, max-video-preview:-1\" \/>\n<link rel=\"canonical\" href=\"https:\/\/hearts-counseling.com\/pt-br\/\" \/>\n<meta property=\"og:locale\" content=\"pt_BR\" \/>\n<meta property=\"og:type\" content=\"article\" \/>\n<meta property=\"og:title\" content=\"Home - Hearts Counseling\" \/>\n<meta property=\"og:description\" content=\"O mundo precisa de um presente especial: \u00e9 voc\u00ea. Resolver os conflitos interiores com um conselheiro profissional pode mudar radicalmente a sua vida e a das pessoas que voc\u00ea ama, melhorar todos os seus relacionamentos e libert\u00e1-lo para viver plenamente. https:\/\/youtu.be\/Y4jHx8fHYW4 Quer falar conosco? Fale conosco diretamente no WhatsApp Contate-nos O que dizem sobre n\u00f3s...\" \/>\n<meta property=\"og:url\" content=\"https:\/\/hearts-counseling.com\/pt-br\/\" \/>\n<meta property=\"og:site_name\" content=\"Hearts Counseling\" \/>\n<meta property=\"article:publisher\" content=\"https:\/\/www.facebook.com\/heartscounseling\" \/>\n<meta property=\"article:modified_time\" content=\"2025-05-21T17:48:51+00:00\" \/>\n<meta property=\"og:image\" content=\"https:\/\/hearts-counseling.com\/wp-content\/uploads\/2020\/12\/counselors.png\" \/>\n<meta name=\"twitter:card\" content=\"summary_large_image\" \/>\n<meta name=\"twitter:label1\" content=\"Est. tempo de leitura\" \/>\n\t<meta name=\"twitter:data1\" content=\"4 minutos\" \/>\n<script type=\"application\/ld+json\" class=\"yoast-schema-graph\">{\"@context\":\"https:\/\/schema.org\",\"@graph\":[{\"@type\":\"WebPage\",\"@id\":\"https:\/\/hearts-counseling.com\/pt-br\/\",\"url\":\"https:\/\/hearts-counseling.com\/pt-br\/\",\"name\":\"Home - Hearts Counseling\",\"isPartOf\":{\"@id\":\"https:\/\/hearts-counseling.com\/#website\"},\"primaryImageOfPage\":{\"@id\":\"https:\/\/hearts-counseling.com\/pt-br\/#primaryimage\"},\"image\":{\"@id\":\"https:\/\/hearts-counseling.com\/pt-br\/#primaryimage\"},\"thumbnailUrl\":\"https:\/\/hearts-counseling.com\/wp-content\/uploads\/2020\/12\/counselors.png\",\"datePublished\":\"2021-02-02T17:56:16+00:00\",\"dateModified\":\"2025-05-21T17:48:51+00:00\",\"breadcrumb\":{\"@id\":\"https:\/\/hearts-counseling.com\/pt-br\/#breadcrumb\"},\"inLanguage\":\"pt-BR\",\"potentialAction\":[{\"@type\":\"ReadAction\",\"target\":[\"https:\/\/hearts-counseling.com\/pt-br\/\"]}]},{\"@type\":\"ImageObject\",\"inLanguage\":\"pt-BR\",\"@id\":\"https:\/\/hearts-counseling.com\/pt-br\/#primaryimage\",\"url\":\"https:\/\/hearts-counseling.com\/wp-content\/uploads\/2020\/12\/counselors.png\",\"contentUrl\":\"https:\/\/hearts-counseling.com\/wp-content\/uploads\/2020\/12\/counselors.png\",\"width\":2050,\"height\":793},{\"@type\":\"BreadcrumbList\",\"@id\":\"https:\/\/hearts-counseling.com\/pt-br\/#breadcrumb\",\"itemListElement\":[{\"@type\":\"ListItem\",\"position\":1,\"name\":\"Home\",\"item\":\"https:\/\/hearts-counseling.com\/pt-br\/\"},{\"@type\":\"ListItem\",\"position\":2,\"name\":\"Home\"}]},{\"@type\":\"WebSite\",\"@id\":\"https:\/\/hearts-counseling.com\/#website\",\"url\":\"https:\/\/hearts-counseling.com\/\",\"name\":\"Hearts Counseling\",\"description\":\"i cuori che guariscono\",\"publisher\":{\"@id\":\"https:\/\/hearts-counseling.com\/#organization\"},\"potentialAction\":[{\"@type\":\"SearchAction\",\"target\":{\"@type\":\"EntryPoint\",\"urlTemplate\":\"https:\/\/hearts-counseling.com\/?s={search_term_string}\"},\"query-input\":{\"@type\":\"PropertyValueSpecification\",\"valueRequired\":true,\"valueName\":\"search_term_string\"}}],\"inLanguage\":\"pt-BR\"},{\"@type\":\"Organization\",\"@id\":\"https:\/\/hearts-counseling.com\/#organization\",\"name\":\"Hearts Counseling\",\"url\":\"https:\/\/hearts-counseling.com\/\",\"logo\":{\"@type\":\"ImageObject\",\"inLanguage\":\"pt-BR\",\"@id\":\"https:\/\/hearts-counseling.com\/#\/schema\/logo\/image\/\",\"url\":\"https:\/\/hearts-counseling.com\/wp-content\/uploads\/2020\/12\/trasparente-colore@2x-8.png\",\"contentUrl\":\"https:\/\/hearts-counseling.com\/wp-content\/uploads\/2020\/12\/trasparente-colore@2x-8.png\",\"width\":1542,\"height\":271,\"caption\":\"Hearts Counseling\"},\"image\":{\"@id\":\"https:\/\/hearts-counseling.com\/#\/schema\/logo\/image\/\"},\"sameAs\":[\"https:\/\/www.facebook.com\/heartscounseling\",\"https:\/\/www.instagram.com\/hearts_counseling\/\"]}]}<\/script>\n<!-- \/ Yoast SEO plugin. -->","yoast_head_json":{"title":"Home - Hearts Counseling","robots":{"index":"index","follow":"follow","max-snippet":"max-snippet:-1","max-image-preview":"max-image-preview:large","max-video-preview":"max-video-preview:-1"},"canonical":"https:\/\/hearts-counseling.com\/pt-br\/","og_locale":"pt_BR","og_type":"article","og_title":"Home - Hearts Counseling","og_description":"O mundo precisa de um presente especial: \u00e9 voc\u00ea. Resolver os conflitos interiores com um conselheiro profissional pode mudar radicalmente a sua vida e a das pessoas que voc\u00ea ama, melhorar todos os seus relacionamentos e libert\u00e1-lo para viver plenamente. https:\/\/youtu.be\/Y4jHx8fHYW4 Quer falar conosco? Fale conosco diretamente no WhatsApp Contate-nos O que dizem sobre n\u00f3s...","og_url":"https:\/\/hearts-counseling.com\/pt-br\/","og_site_name":"Hearts Counseling","article_publisher":"https:\/\/www.facebook.com\/heartscounseling","article_modified_time":"2025-05-21T17:48:51+00:00","og_image":[{"url":"https:\/\/hearts-counseling.com\/wp-content\/uploads\/2020\/12\/counselors.png","type":"","width":"","height":""}],"twitter_card":"summary_large_image","twitter_misc":{"Est. tempo de leitura":"4 minutos"},"schema":{"@context":"https:\/\/schema.org","@graph":[{"@type":"WebPage","@id":"https:\/\/hearts-counseling.com\/pt-br\/","url":"https:\/\/hearts-counseling.com\/pt-br\/","name":"Home - Hearts Counseling","isPartOf":{"@id":"https:\/\/hearts-counseling.com\/#website"},"primaryImageOfPage":{"@id":"https:\/\/hearts-counseling.com\/pt-br\/#primaryimage"},"image":{"@id":"https:\/\/hearts-counseling.com\/pt-br\/#primaryimage"},"thumbnailUrl":"https:\/\/hearts-counseling.com\/wp-content\/uploads\/2020\/12\/counselors.png","datePublished":"2021-02-02T17:56:16+00:00","dateModified":"2025-05-21T17:48:51+00:00","breadcrumb":{"@id":"https:\/\/hearts-counseling.com\/pt-br\/#breadcrumb"},"inLanguage":"pt-BR","potentialAction":[{"@type":"ReadAction","target":["https:\/\/hearts-counseling.com\/pt-br\/"]}]},{"@type":"ImageObject","inLanguage":"pt-BR","@id":"https:\/\/hearts-counseling.com\/pt-br\/#primaryimage","url":"https:\/\/hearts-counseling.com\/wp-content\/uploads\/2020\/12\/counselors.png","contentUrl":"https:\/\/hearts-counseling.com\/wp-content\/uploads\/2020\/12\/counselors.png","width":2050,"height":793},{"@type":"BreadcrumbList","@id":"https:\/\/hearts-counseling.com\/pt-br\/#breadcrumb","itemListElement":[{"@type":"ListItem","position":1,"name":"Home","item":"https:\/\/hearts-counseling.com\/pt-br\/"},{"@type":"ListItem","position":2,"name":"Home"}]},{"@type":"WebSite","@id":"https:\/\/hearts-counseling.com\/#website","url":"https:\/\/hearts-counseling.com\/","name":"Hearts Counseling","description":"i cuori che guariscono","publisher":{"@id":"https:\/\/hearts-counseling.com\/#organization"},"potentialAction":[{"@type":"SearchAction","target":{"@type":"EntryPoint","urlTemplate":"https:\/\/hearts-counseling.com\/?s={search_term_string}"},"query-input":{"@type":"PropertyValueSpecification","valueRequired":true,"valueName":"search_term_string"}}],"inLanguage":"pt-BR"},{"@type":"Organization","@id":"https:\/\/hearts-counseling.com\/#organization","name":"Hearts Counseling","url":"https:\/\/hearts-counseling.com\/","logo":{"@type":"ImageObject","inLanguage":"pt-BR","@id":"https:\/\/hearts-counseling.com\/#\/schema\/logo\/image\/","url":"https:\/\/hearts-counseling.com\/wp-content\/uploads\/2020\/12\/trasparente-colore@2x-8.png","contentUrl":"https:\/\/hearts-counseling.com\/wp-content\/uploads\/2020\/12\/trasparente-colore@2x-8.png","width":1542,"height":271,"caption":"Hearts Counseling"},"image":{"@id":"https:\/\/hearts-counseling.com\/#\/schema\/logo\/image\/"},"sameAs":["https:\/\/www.facebook.com\/heartscounseling","https:\/\/www.instagram.com\/hearts_counseling\/"]}]}},"_links":{"self":[{"href":"https:\/\/hearts-counseling.com\/pt-br\/wp-json\/wp\/v2\/pages\/10544","targetHints":{"allow":["GET"]}}],"collection":[{"href":"https:\/\/hearts-counseling.com\/pt-br\/wp-json\/wp\/v2\/pages"}],"about":[{"href":"https:\/\/hearts-counseling.com\/pt-br\/wp-json\/wp\/v2\/types\/page"}],"author":[{"embeddable":true,"href":"https:\/\/hearts-counseling.com\/pt-br\/wp-json\/wp\/v2\/users\/1"}],"replies":[{"embeddable":true,"href":"https:\/\/hearts-counseling.com\/pt-br\/wp-json\/wp\/v2\/comments?post=10544"}],"version-history":[{"count":40,"href":"https:\/\/hearts-counseling.com\/pt-br\/wp-json\/wp\/v2\/pages\/10544\/revisions"}],"predecessor-version":[{"id":11254,"href":"https:\/\/hearts-counseling.com\/pt-br\/wp-json\/wp\/v2\/pages\/10544\/revisions\/11254"}],"wp:featuredmedia":[{"embeddable":true,"href":"https:\/\/hearts-counseling.com\/pt-br\/wp-json\/wp\/v2\/media\/9752"}],"wp:attachment":[{"href":"https:\/\/hearts-counseling.com\/pt-br\/wp-json\/wp\/v2\/media?parent=10544"}],"curies":[{"name":"wp","href":"https:\/\/api.w.org\/{rel}","templated":true}]}}